{"id":1214,"date":"2016-09-20T07:16:45","date_gmt":"2016-09-20T07:16:45","guid":{"rendered":"http:\/\/ld-wp.template-help.com\/wordpress_62222_default-sample\/?page_id=1214"},"modified":"2021-01-17T17:15:34","modified_gmt":"2021-01-17T16:15:34","slug":"optiker-team-marburg","status":"publish","type":"page","link":"https:\/\/optiker-unkel.de\/?page_id=1214","title":{"rendered":"\u00dcber uns"},"content":{"rendered":"<p>Wir freuen uns auf IhrenBesuch in Marburg. Unser Anspruch Wir sind Augenoptiker aus und mit Leidenschaft. Wir stellen uns gerne der Herausforderung, Ihre pers\u00f6nlichen W\u00fcnsche zu erf\u00fcllen und auf alle spezifischen Fragen des Sehens die f\u00fcr Sie optimale L\u00f6sung zu finden.  <a href=\"https:\/\/optiker-unkel.de\/?page_id=1214\" title=\"Read more on \u00dcber uns\" class=\"more-link\">read more<\/a><\/p>\n","protected":false},"excerpt":{"rendered":"<p>Wir freuen uns auf IhrenBesuch in Marburg. Unser Anspruch Wir sind Augenoptiker aus und mit Leidenschaft. Wir stellen uns gerne der Herausforderung, Ihre pers\u00f6nlichen W\u00fcnsche zu erf\u00fcllen und auf alle spezifischen Fragen des Sehens die f\u00fcr Sie optimale L\u00f6sung zu finden. read more<\/p>\n","protected":false},"author":1,"featured_media":0,"parent":0,"menu_order":0,"comment_status":"closed","ping_status":"closed","template":"","meta":{"footnotes":""},"class_list":["post-1214","page","type-page","status-publish","hentry","no-thumb"],"yoast_head":"<!-- This site is optimized with the Yoast SEO plugin v26.8 - https:\/\/yoast.com\/product\/yoast-seo-wordpress\/ -->\n<title>\u00dcber uns - Unkel der Optiker, Marburg<\/title>\n<meta name=\"robots\" content=\"index, follow, max-snippet:-1, max-image-preview:large, max-video-preview:-1\" \/>\n<link rel=\"canonical\" href=\"https:\/\/optiker-unkel.de\/?page_id=1214\" \/>\n<meta property=\"og:locale\" content=\"de_DE\" \/>\n<meta property=\"og:type\" content=\"article\" \/>\n<meta property=\"og:title\" content=\"\u00dcber uns - Unkel der Optiker, Marburg\" \/>\n<meta property=\"og:description\" content=\"Wir freuen uns auf IhrenBesuch in Marburg. Unser Anspruch Wir sind Augenoptiker aus und mit Leidenschaft. Wir stellen uns gerne der Herausforderung, Ihre pers\u00f6nlichen W\u00fcnsche zu erf\u00fcllen und auf alle spezifischen Fragen des Sehens die f\u00fcr Sie optimale L\u00f6sung zu finden. read more\" \/>\n<meta property=\"og:url\" content=\"https:\/\/optiker-unkel.de\/?page_id=1214\" \/>\n<meta property=\"og:site_name\" content=\"Unkel der Optiker, Marburg\" \/>\n<meta property=\"article:modified_time\" content=\"2021-01-17T16:15:34+00:00\" \/>\n<meta name=\"twitter:card\" content=\"summary_large_image\" \/>\n<meta name=\"twitter:label1\" content=\"Gesch\u00e4tzte Lesezeit\" \/>\n\t<meta name=\"twitter:data1\" content=\"6\u00a0Minuten\" \/>\n<script type=\"application\/ld+json\" class=\"yoast-schema-graph\">{\"@context\":\"https:\/\/schema.org\",\"@graph\":[{\"@type\":\"WebPage\",\"@id\":\"https:\/\/optiker-unkel.de\/?page_id=1214\",\"url\":\"https:\/\/optiker-unkel.de\/?page_id=1214\",\"name\":\"\u00dcber uns - Unkel der Optiker, Marburg\",\"isPartOf\":{\"@id\":\"https:\/\/optiker-unkel.de\/#website\"},\"datePublished\":\"2016-09-20T07:16:45+00:00\",\"dateModified\":\"2021-01-17T16:15:34+00:00\",\"breadcrumb\":{\"@id\":\"https:\/\/optiker-unkel.de\/?page_id=1214#breadcrumb\"},\"inLanguage\":\"de\",\"potentialAction\":[{\"@type\":\"ReadAction\",\"target\":[\"https:\/\/optiker-unkel.de\/?page_id=1214\"]}]},{\"@type\":\"BreadcrumbList\",\"@id\":\"https:\/\/optiker-unkel.de\/?page_id=1214#breadcrumb\",\"itemListElement\":[{\"@type\":\"ListItem\",\"position\":1,\"name\":\"Startseite\",\"item\":\"https:\/\/optiker-unkel.de\/\"},{\"@type\":\"ListItem\",\"position\":2,\"name\":\"\u00dcber uns\"}]},{\"@type\":\"WebSite\",\"@id\":\"https:\/\/optiker-unkel.de\/#website\",\"url\":\"https:\/\/optiker-unkel.de\/\",\"name\":\"Unkel der Optiker, Marburg\",\"description\":\"Mit Brillen und Kontaktlinsen von Unkel der Optiker einfach besser ausSehen!\",\"publisher\":{\"@id\":\"https:\/\/optiker-unkel.de\/#organization\"},\"potentialAction\":[{\"@type\":\"SearchAction\",\"target\":{\"@type\":\"EntryPoint\",\"urlTemplate\":\"https:\/\/optiker-unkel.de\/?s={search_term_string}\"},\"query-input\":{\"@type\":\"PropertyValueSpecification\",\"valueRequired\":true,\"valueName\":\"search_term_string\"}}],\"inLanguage\":\"de\"},{\"@type\":\"Organization\",\"@id\":\"https:\/\/optiker-unkel.de\/#organization\",\"name\":\"Unkel der Optiker in Marburg\",\"url\":\"https:\/\/optiker-unkel.de\/\",\"logo\":{\"@type\":\"ImageObject\",\"inLanguage\":\"de\",\"@id\":\"https:\/\/optiker-unkel.de\/#\/schema\/logo\/image\/\",\"url\":\"https:\/\/optiker-unkel.de\/wp-content\/uploads\/2018\/01\/Logo_Unkel-der-Optiker.png\",\"contentUrl\":\"https:\/\/optiker-unkel.de\/wp-content\/uploads\/2018\/01\/Logo_Unkel-der-Optiker.png\",\"width\":160,\"height\":84,\"caption\":\"Unkel der Optiker in Marburg\"},\"image\":{\"@id\":\"https:\/\/optiker-unkel.de\/#\/schema\/logo\/image\/\"}}]}<\/script>\n<!-- \/ Yoast SEO plugin. -->","yoast_head_json":{"title":"\u00dcber uns - Unkel der Optiker, Marburg","robots":{"index":"index","follow":"follow","max-snippet":"max-snippet:-1","max-image-preview":"max-image-preview:large","max-video-preview":"max-video-preview:-1"},"canonical":"https:\/\/optiker-unkel.de\/?page_id=1214","og_locale":"de_DE","og_type":"article","og_title":"\u00dcber uns - Unkel der Optiker, Marburg","og_description":"Wir freuen uns auf IhrenBesuch in Marburg. Unser Anspruch Wir sind Augenoptiker aus und mit Leidenschaft. Wir stellen uns gerne der Herausforderung, Ihre pers\u00f6nlichen W\u00fcnsche zu erf\u00fcllen und auf alle spezifischen Fragen des Sehens die f\u00fcr Sie optimale L\u00f6sung zu finden. read more","og_url":"https:\/\/optiker-unkel.de\/?page_id=1214","og_site_name":"Unkel der Optiker, Marburg","article_modified_time":"2021-01-17T16:15:34+00:00","twitter_card":"summary_large_image","twitter_misc":{"Gesch\u00e4tzte Lesezeit":"6\u00a0Minuten"},"schema":{"@context":"https:\/\/schema.org","@graph":[{"@type":"WebPage","@id":"https:\/\/optiker-unkel.de\/?page_id=1214","url":"https:\/\/optiker-unkel.de\/?page_id=1214","name":"\u00dcber uns - Unkel der Optiker, Marburg","isPartOf":{"@id":"https:\/\/optiker-unkel.de\/#website"},"datePublished":"2016-09-20T07:16:45+00:00","dateModified":"2021-01-17T16:15:34+00:00","breadcrumb":{"@id":"https:\/\/optiker-unkel.de\/?page_id=1214#breadcrumb"},"inLanguage":"de","potentialAction":[{"@type":"ReadAction","target":["https:\/\/optiker-unkel.de\/?page_id=1214"]}]},{"@type":"BreadcrumbList","@id":"https:\/\/optiker-unkel.de\/?page_id=1214#breadcrumb","itemListElement":[{"@type":"ListItem","position":1,"name":"Startseite","item":"https:\/\/optiker-unkel.de\/"},{"@type":"ListItem","position":2,"name":"\u00dcber uns"}]},{"@type":"WebSite","@id":"https:\/\/optiker-unkel.de\/#website","url":"https:\/\/optiker-unkel.de\/","name":"Unkel der Optiker, Marburg","description":"Mit Brillen und Kontaktlinsen von Unkel der Optiker einfach besser ausSehen!","publisher":{"@id":"https:\/\/optiker-unkel.de\/#organization"},"potentialAction":[{"@type":"SearchAction","target":{"@type":"EntryPoint","urlTemplate":"https:\/\/optiker-unkel.de\/?s={search_term_string}"},"query-input":{"@type":"PropertyValueSpecification","valueRequired":true,"valueName":"search_term_string"}}],"inLanguage":"de"},{"@type":"Organization","@id":"https:\/\/optiker-unkel.de\/#organization","name":"Unkel der Optiker in Marburg","url":"https:\/\/optiker-unkel.de\/","logo":{"@type":"ImageObject","inLanguage":"de","@id":"https:\/\/optiker-unkel.de\/#\/schema\/logo\/image\/","url":"https:\/\/optiker-unkel.de\/wp-content\/uploads\/2018\/01\/Logo_Unkel-der-Optiker.png","contentUrl":"https:\/\/optiker-unkel.de\/wp-content\/uploads\/2018\/01\/Logo_Unkel-der-Optiker.png","width":160,"height":84,"caption":"Unkel der Optiker in Marburg"},"image":{"@id":"https:\/\/optiker-unkel.de\/#\/schema\/logo\/image\/"}}]}},"_links":{"self":[{"href":"https:\/\/optiker-unkel.de\/index.php?rest_route=\/wp\/v2\/pages\/1214","targetHints":{"allow":["GET"]}}],"collection":[{"href":"https:\/\/optiker-unkel.de\/index.php?rest_route=\/wp\/v2\/pages"}],"about":[{"href":"https:\/\/optiker-unkel.de\/index.php?rest_route=\/wp\/v2\/types\/page"}],"author":[{"embeddable":true,"href":"https:\/\/optiker-unkel.de\/index.php?rest_route=\/wp\/v2\/users\/1"}],"replies":[{"embeddable":true,"href":"https:\/\/optiker-unkel.de\/index.php?rest_route=%2Fwp%2Fv2%2Fcomments&post=1214"}],"version-history":[{"count":57,"href":"https:\/\/optiker-unkel.de\/index.php?rest_route=\/wp\/v2\/pages\/1214\/revisions"}],"predecessor-version":[{"id":4231,"href":"https:\/\/optiker-unkel.de\/index.php?rest_route=\/wp\/v2\/pages\/1214\/revisions\/4231"}],"wp:attachment":[{"href":"https:\/\/optiker-unkel.de\/index.php?rest_route=%2Fwp%2Fv2%2Fmedia&parent=1214"}],"curies":[{"name":"wp","href":"https:\/\/api.w.org\/{rel}","templated":true}]}}